{"id":372,"date":"2019-06-24T13:50:56","date_gmt":"2019-06-24T11:50:56","guid":{"rendered":"https:\/\/densusimracing.de\/?page_id=372"},"modified":"2020-07-02T10:28:31","modified_gmt":"2020-07-02T08:28:31","slug":"ueber-uns","status":"publish","type":"page","link":"https:\/\/densusimracing.de\/?page_id=372","title":{"rendered":"\u00dcber uns"},"content":{"rendered":"\n<div class=\"wp-block-image\"><figure class=\"alignleft size-large is-resized\"><img loading=\"lazy\" decoding=\"async\" src=\"https:\/\/densusimracing.de\/wp-content\/uploads\/2020\/03\/densu-2-965x1024.png\" alt=\"\" class=\"wp-image-3657\" width=\"248\" height=\"262\" srcset=\"https:\/\/densusimracing.de\/wp-content\/uploads\/2020\/03\/densu-2-965x1024.png 965w, https:\/\/densusimracing.de\/wp-content\/uploads\/2020\/03\/densu-2-283x300.png 283w, https:\/\/densusimracing.de\/wp-content\/uploads\/2020\/03\/densu-2-768x815.png 768w, https:\/\/densusimracing.de\/wp-content\/uploads\/2020\/03\/densu-2.png 1298w\" sizes=\"auto, (max-width: 248px) 100vw, 248px\" \/><\/figure><\/div>\n\n\n\n<p><strong>Was ist Densu SimRacing?<\/strong><br>Densu Sim Racing ist ein iRacing Team. Wir bieten im Discord einen weit gef\u00e4cherten Kanal an, wo es angefangen vom Plaudern im Chat, \u00fcber Mitfahrer- Suchen bis hin zum Setup f\u00fcr bestimmte Strecken, alles gibt.<\/p>\n\n\n\n<p>Densu Sim Racing bietet seinen Membern einmal pro Woche die M\u00f6glichkeit, auf einem privatem Server, die aktuelle &#8222;Strecke der Woche&#8220; mit unterschiedlichen Fahrzeugen zu trainieren. Es gibt regelm\u00e4\u00dfige Team-Meetings und es wird an Special Events teilgenommen. <\/p>\n\n\n\n<p><strong>Wo kommen wir her?<\/strong><\/p>\n\n\n\n<figure class=\"wp-block-image size-large\"><img loading=\"lazy\" decoding=\"async\" width=\"755\" height=\"1024\" src=\"https:\/\/densusimracing.de\/wp-content\/uploads\/2020\/07\/dsr-landkarte-755x1024.png\" alt=\"\" class=\"wp-image-5278\" srcset=\"https:\/\/densusimracing.de\/wp-content\/uploads\/2020\/07\/dsr-landkarte-755x1024.png 755w, https:\/\/densusimracing.de\/wp-content\/uploads\/2020\/07\/dsr-landkarte-221x300.png 221w, https:\/\/densusimracing.de\/wp-content\/uploads\/2020\/07\/dsr-landkarte-768x1042.png 768w, https:\/\/densusimracing.de\/wp-content\/uploads\/2020\/07\/dsr-landkarte.png 848w\" sizes=\"auto, (max-width: 755px) 100vw, 755px\" \/><\/figure>\n\n\n\n<p><strong>Was &#8222;verlangt&#8220; Densu SimRacing?<\/strong><br>In erster Linie ist uns ein offener und ehrlicher Umgang wichtig. Nichts ist schlimmer als ein unausgesprochenes Problem. Nat\u00fcrlich gibt es, wie \u00fcberall im Leben, auch Regeln. Diese sind absolut zu Erf\u00fcllen. Speziell im Rennen ist es uns als Densu Sim Racing Team sehr wichtig, einen sportlich fairen und sauberen Eindruck zu hinterlassen. Es gibt keinerlei Vorgaben in Sachen Inc\u00b4s und Co aber eines unserer Mottos lautet nicht umsonst: &#8222;<em>Behandele andere Fahrer so, wie du gerne als Fahrer behandelt werden m\u00f6chtest!<\/em>&#8220; Vor jeder Entscheidung im Rennen, frage dich also wie du selbst darauf reagieren w\u00fcrdest, wenn ein anderer Fahrer genau die gleiche Situation mit dir Durchf\u00fchren w\u00fcrde. Wir alle als Team m\u00f6chten wohl kaum, dass man uns als Crasher bezeichnet und so den, nicht unwichtigen Ruf eines Teams auf\u00b4s Spiel setzt. Viel besser w\u00e4re es doch f\u00fcr uns alle im Team wenn andere Fahrer in der Startaufstellung genau w\u00fcssten, dass wir faire und saubere Man\u00f6ver fahren. Diesen &#8222;Ruf&#8220; strebt Densu Sim Racing mit seinem Mitgliederfeld an. <\/p>\n\n\n\n<p><strong>Community<\/strong><br>Densu Sim Racing ist lange nicht  mehr nur ein iRacing Team &#8211; die Community ist gewachsen, so geht es auch hier um ein friedvolles Miteinander. Teilnahme an unseren Trainingssessions ist teilweise auch f\u00fcr die iRacing und Densu Community m\u00f6glich. Au\u00dferdem tummeln sich viele Community Member im Discord.<\/p>\n\n\n\n<p><strong>Events<\/strong><br>Auch ist Densu Sim Racing mittlerweile f\u00fcr die Events bekannt. Derzeit werden vier verschiedene Events jeweils Freitags angeboten. <\/p>\n","protected":false},"excerpt":{"rendered":"<p>Was ist Densu SimRacing?Densu Sim Racing ist ein iRacing Team. Wir bieten im Discord einen weit gef\u00e4cherten Kanal an, wo es angefangen vom Plaudern im Chat, \u00fcber Mitfahrer- Suchen bis hin zum Setup f\u00fcr bestimmte Strecken, alles gibt. Densu Sim Racing bietet&#46;&#46;&#46;<\/p>\n","protected":false},"author":2,"featured_media":0,"parent":0,"menu_order":0,"comment_status":"closed","ping_status":"closed","template":"","meta":{"advgb_blocks_editor_width":"","advgb_blocks_columns_visual_guide":"","footnotes":""},"class_list":["post-372","page","type-page","status-publish","hentry"],"coauthors":[],"author_meta":{"author_link":"https:\/\/densusimracing.de\/?author=2","display_name":"Dennis Surace"},"relative_dates":{"created":"Ver\u00f6ffentlicht 7\u00a0Jahren vor","modified":"Aktualisiert 6\u00a0Jahren vor"},"absolute_dates":{"created":"Ver\u00f6ffentlicht am 24. Juni 2019","modified":"Aktualisiert am 2. Juli 2020"},"absolute_dates_time":{"created":"Ver\u00f6ffentlicht am 24. Juni 2019 13:50","modified":"Aktualisiert am 2. Juli 2020 10:28"},"featured_img_caption":"","featured_img":false,"series_order":"","_links":{"self":[{"href":"https:\/\/densusimracing.de\/index.php?rest_route=\/wp\/v2\/pages\/372","targetHints":{"allow":["GET"]}}],"collection":[{"href":"https:\/\/densusimracing.de\/index.php?rest_route=\/wp\/v2\/pages"}],"about":[{"href":"https:\/\/densusimracing.de\/index.php?rest_route=\/wp\/v2\/types\/page"}],"author":[{"embeddable":true,"href":"https:\/\/densusimracing.de\/index.php?rest_route=\/wp\/v2\/users\/2"}],"replies":[{"embeddable":true,"href":"https:\/\/densusimracing.de\/index.php?rest_route=%2Fwp%2Fv2%2Fcomments&post=372"}],"version-history":[{"count":10,"href":"https:\/\/densusimracing.de\/index.php?rest_route=\/wp\/v2\/pages\/372\/revisions"}],"predecessor-version":[{"id":5279,"href":"https:\/\/densusimracing.de\/index.php?rest_route=\/wp\/v2\/pages\/372\/revisions\/5279"}],"wp:attachment":[{"href":"https:\/\/densusimracing.de\/index.php?rest_route=%2Fwp%2Fv2%2Fmedia&parent=372"}],"curies":[{"name":"wp","href":"https:\/\/api.w.org\/{rel}","templated":true}]}}